{"id":750,"date":"2020-04-15T06:33:56","date_gmt":"2020-04-15T06:33:56","guid":{"rendered":"https:\/\/test.phoenix-safaris.com\/ueber-uns"},"modified":"2020-11-13T11:04:27","modified_gmt":"2020-11-13T11:04:27","slug":"ueber-uns","status":"publish","type":"page","link":"https:\/\/phoenix-safaris.com\/de\/ueber-uns","title":{"rendered":"Wer wir sind"},"content":{"rendered":"[vc_row][vc_column][vc_column_text]<strong>Safaris sind unsere Leidenschaft. Seit mehr als 20 Jahren bieten wir als Safari Anbieter Reisen in Ostafrika an.<\/strong><\/p>\n<p>Erleben Sie mit uns Ihr ganz pers\u00f6nliches Abenteuer! Ostafrika ist ausgezeichnet mit eindrucksvollen Landschaften, atemberaubender Tiererwelt und herzhafter Gastfreundschaft.<\/p>\n<p>Phoenix Safaris mit Sitz in Nairobi, Kenia betreut jeden Kunden individuell und pers\u00f6nlich &#8211; von der ersten Kontaktaufnahme \u00fcber die komplette Planung Ihrer Reise bis zur Durchf\u00fchrung vor Ort &#8211; der Gast steht immer im Mittelpunkt.<br \/>\nUnsere kompetenten Reiseberater und unsere erfahrenen mehrsprachigen Fahrer\/Guides mit hervorragender Ortskenntnis und unendlichem Wissen \u00fcber Natur- und Tierwelt sind Ihr Erfolgsteam f\u00fcr ein einmaliges Urlaubserlebnis.<\/p>\n<p>Unsere Spezialit\u00e4t liegt in der Beratung und Planung einer Safari, die nicht zu straff organisiert ist, Ihnen genug Zeit f\u00fcr die Beobachtung der exotischen Tierwelt Ostafrikas l\u00e4sst und gleichzeitig R\u00fccksicht auf Ihre individuellen W\u00fcnsche nimmt.<\/p>\n<p><strong>Wir bieten Ihnen die folgenden Services als Safari Anbieter:<\/strong><\/p>\n<ul>\n<li>Ma\u00dfgeschneiderte Reisepakete (Safaris, Strandurlaub, Aktivit\u00e4ten)<\/li>\n<li>Einzelreisende, Familien und Gruppen<\/li>\n<li>Flugtickets\/ Charter Fl\u00fcge<\/li>\n<li>Buchung von Unterk\u00fcnften<\/li>\n<li>Sehensw\u00fcrdigkeiten und Touren<\/li>\n<li>Transport &amp; Autovermietung<\/li>\n<li>Organisation von Konferenzen und Tagungen<\/li>\n<li>Incentive Reisen<\/li>\n<\/ul>\n[\/vc_column_text][\/vc_column][\/vc_row]\n","protected":false},"excerpt":{"rendered":"<p>[vc_row][vc_column][vc_column_text]Safaris sind unsere Leidenschaft. Seit mehr als 20 Jahren bieten wir als Safari Anbieter Reisen in Ostafrika an. Erleben Sie mit uns Ihr ganz pers\u00f6nliches Abenteuer! Ostafrika ist ausgezeichnet mit eindrucksvollen Landschaften, atemberaubender Tiererwelt und herzhafter Gastfreundschaft. Phoenix Safaris mit Sitz in Nairobi, Kenia betreut jeden Kunden individuell und pers\u00f6nlich &#8211; von der ersten Kontaktaufnahme [&hellip;]<\/p>\n","protected":false},"author":1,"featured_media":1026,"parent":0,"menu_order":0,"comment_status":"closed","ping_status":"closed","template":"page-blank.php","meta":{"pgc_sgb_lightbox_settings":"","footnotes":""},"class_list":["post-750","page","type-page","status-publish","has-post-thumbnail","hentry"],"publishpress_future_action":{"enabled":false,"date":"2026-05-02 09:36:37","action":"change-status","newStatus":"draft","terms":[],"taxonomy":"translation_priority","extraData":[]},"publishpress_future_workflow_manual_trigger":{"enabledWorkflows":[]},"_links":{"self":[{"href":"https:\/\/phoenix-safaris.com\/de\/wp-json\/wp\/v2\/pages\/750","targetHints":{"allow":["GET"]}}],"collection":[{"href":"https:\/\/phoenix-safaris.com\/de\/wp-json\/wp\/v2\/pages"}],"about":[{"href":"https:\/\/phoenix-safaris.com\/de\/wp-json\/wp\/v2\/types\/page"}],"author":[{"embeddable":true,"href":"https:\/\/phoenix-safaris.com\/de\/wp-json\/wp\/v2\/users\/1"}],"replies":[{"embeddable":true,"href":"https:\/\/phoenix-safaris.com\/de\/wp-json\/wp\/v2\/comments?post=750"}],"version-history":[{"count":0,"href":"https:\/\/phoenix-safaris.com\/de\/wp-json\/wp\/v2\/pages\/750\/revisions"}],"wp:featuredmedia":[{"embeddable":true,"href":"https:\/\/phoenix-safaris.com\/de\/wp-json\/wp\/v2\/media\/1026"}],"wp:attachment":[{"href":"https:\/\/phoenix-safaris.com\/de\/wp-json\/wp\/v2\/media?parent=750"}],"curies":[{"name":"wp","href":"https:\/\/api.w.org\/{rel}","templated":true}]}}