{"id":4031,"date":"2023-07-17T11:15:19","date_gmt":"2023-07-17T11:15:19","guid":{"rendered":"https:\/\/phoenix-safaris.com\/?page_id=4031"},"modified":"2025-12-16T07:09:48","modified_gmt":"2025-12-16T07:09:48","slug":"einreise-nach-kenia-tansania-sansibar-uganda-ruanda","status":"publish","type":"page","link":"https:\/\/phoenix-safaris.com\/de\/einreise-nach-kenia-tansania-sansibar-uganda-ruanda","title":{"rendered":"Einreisebestimmungen"},"content":{"rendered":"[vc_row][vc_column][vc_column_text]\n<ul style=\"margin-left: 5em;\">\n<li><span style=\"color: #ff6600; font-size: 1.2em;\"><a style=\"color: #ff6600;\" href=\"#kenya\">Kenia<\/a><\/span><\/li>\n<li><span style=\"color: #ff6600; font-size: 1.2em;\"><a style=\"color: #ff6600;\" href=\"#tanzania\">Tansania &amp; Sansibar<\/a><\/span><\/li>\n<li><span style=\"color: #ff6600; font-size: 1.2em;\"><a style=\"color: #ff6600;\" href=\"#uganda\">Uganda<\/a><\/span><\/li>\n<li><span style=\"color: #ff6600; font-size: 1.2em;\"><a style=\"color: #ff6600;\" href=\"#rwanda\">Rwanda<\/a><\/span><\/li>\n<li><span style=\"color: #ff6600; font-size: 1.2em;\"><a style=\"color: #ff6600;\" href=\"#eastafrica\">Reisen zwischen den ostafrikanischen L\u00e4ndern<\/a><\/span><\/li>\n<\/ul>\n<p>&nbsp;<\/p>\n<h2 id=\"kenya\">Kenia<\/h2>\n<p><strong>Update vom 4. Januar 2024<\/strong><\/p>\n<ol>\n<li style=\"list-style-type: none;\">\n<ol>\n<li><strong>Alle Personen, die nach Kenia einreisen (Kenianische oder Ostafrikanische Staatsb\u00fcrger sind ausgenommen), ben\u00f6tigen eine &#8222;Electronic Travel Authorization&#8220; (ETA).<\/strong> Auch f\u00fcr Babies und Kinder muss eine ETA beantragt werden. Die <strong>ETA muss vor Antritt der Reise vorliegen<\/strong> und wird <strong>online<\/strong> unter <a href=\"https:\/\/etakenya.go.ke\/\" target=\"_blank\" rel=\"noopener\">https:\/\/etakenya.go.ke\/<\/a> beantragt.<\/li>\n<li>Reisende k\u00f6nnen Ihren Antrag<strong> bis zu drei Monate vor dem Reisedatum<\/strong> stellen. Nach Erteilung wird eine ETA Best\u00e4tigung an die bei Antragerstellung angegebene E-Mail Adresse versendet. <strong>Die Standard Bearbeitungszeit betr\u00e4gt drei Arbeitstage.<\/strong><\/li>\n<li><strong>Anforderungen f\u00fcr die ETA Beantragung: <\/strong>\n<ul>\n<li>Reisepass mit einer G\u00fcltigkeit von mindestens 6 Monaten und einer leeren Seite (ein Photo des Passes muss im Prozess angefertigt oder hochgeladen werden)<\/li>\n<li>Passfoto als Scan oder eine Webcam, um ein Selfie zu machen<\/li>\n<li>An- und Abreisedetails (Fluggesellschaft, Flugnummer und das Flugticket, welches hochgeladen werden muss)<\/li>\n<li>Buchungsbest\u00e4tigungen der Hotels (m\u00fcssen ebenfalls hochgeladen werden)<\/li>\n<li>Kreditkarte, Debitkarte, Apple pay oder andere Zahlungsmittel<\/li>\n<\/ul>\n<\/li>\n<li>Bei Reisen aus einem Gelbfieber-Endemieland ist eine <strong>Gelbfieberimpfung <\/strong>erforderlich, siehe <strong><a href=\"https:\/\/cdn.who.int\/media\/docs\/default-source\/travel-and-health\/countries-with-risk-of-yellow-fever-transmission.pdf\" target=\"_blank\" rel=\"noopener\">hier<\/a>.<\/strong><\/li>\n<\/ol>\n<\/li>\n<\/ol>\n<h3><\/h3>\n<h2 id=\"tanzania\">Tansania inkl. Sansibar<\/h2>\n<p><strong>Update vom 30. November 2024<\/strong><\/p>\n<ol>\n<li><strong>Reisende, sofern sie nicht davon ausgenommen sind (siehe <a href=\"https:\/\/immigration.go.tz\/index.php\/countries-which-are-not-required-to-apply-for-visa\" target=\"_blank\" rel=\"noopener\">hier<\/a>) <\/strong><strong>m\u00fcssen online ein Visum beantragen.<\/strong> Unter folgendem Link wird das Visum innerhalb von ca. 10 Werktagen ausgestellt: <a href=\"https:\/\/visa.immigration.go.tz\/\" target=\"_blank\" rel=\"noopener\">https:\/\/visa.immigration.go.tz\/<\/a> Legen Sie das <strong>ausgedruckte e-Visum<\/strong> dem Einwanderungsbeamten bei Einreise vor. Wenn Sie sich f\u00fcr Ihr Visum bei der Ankunft entscheiden, m\u00fcssen Sie die Visumsgeb\u00fchr von 50 USD f\u00fcr ein normales Visum oder 100 USD f\u00fcr ein multy-entry Visum pro Person in bar bezahlen. Kinder (unter 18 Jahren), die \u00fcber einen eigenen Reisepass verf\u00fcgen, ben\u00f6tigen ein eigenes Visum. Minderj\u00e4hrige, die im Reisepass ihres Elternteils oder Erziehungsberechtigten eingetragen sind, k\u00f6nnen im Visum ihres Elternteils\/Erziehungsberechtigten eingetragen werden.<\/li>\n<li><strong><strong>Reisende ben\u00f6tigen einen Reisepass mit einer G\u00fcltigkeit von mindestens 6 Monaten.\u00a0<\/strong><\/strong><strong>\u00a0<\/strong><\/li>\n<li>Bei Reisen aus einem Gelbfieber-Endemieland ist eine<strong> Gelbfieberimpfung <\/strong>erforderlich, siehe <strong><strong><a href=\"https:\/\/cdn.who.int\/media\/docs\/default-source\/travel-and-health\/countries-with-risk-of-yellow-fever-transmission.pdf\" target=\"_blank\" rel=\"noopener\">hier<\/a>.<\/strong><\/strong><\/li>\n<li>Vor Einreise nach Sansibar sind Reisende verpflichtet eine Reiseversicherung von der Zanzibar Insurance Cooperation abzuschlie\u00dfen. Nutzen Sie folende Website <a href=\"https:\/\/visitzanzibar.go.tz\/\" target=\"_blank\" rel=\"noopener\">https:\/\/visitzanzibar.go.tz\/.\u00a0<\/a> und starten Sie den Prozess bereits einige Tage vor Einreise.<\/li>\n<li><\/li>\n<\/ol>\n<h2><\/h2>\n<h2 id=\"uganda\">Uganda<\/h2>\n<p><strong>Update vom 15. Juli 2023<\/strong><\/p>\n<ol>\n<li><strong>Reisende, sofern sie nicht davon ausgenommen sind (siehe <a href=\"https:\/\/www.visas.immigration.go.ug\/#\/help\" target=\"_blank\" rel=\"noopener\">hier<\/a>) m\u00fcssen online ein Visum beantragen. <\/strong>Unter folgendem Link wird das Visum innerhalb von ca. 3 Werktagen ausgestellt:\u00a0<a href=\"https:\/\/www.visas.immigration.go.ug\/#\/apply\" target=\"_blank\" rel=\"noopener\">https:\/\/www.visas.immigration.go.ug\/#\/apply<\/a> . Es ist nicht zwingend erforderlich, es wird jedoch empfohlen, dass Sie das <strong>Genehmigungsschreiben<\/strong>, das Sie erhalten, <strong>ausdrucken<\/strong>. Der Einwanderungsbeamte bei Einreise verwendet den Barcode im Genehmigungsschreiben, um auf Ihren Antrag zuzugreifen, Ihr Visum auszudrucken und es in Ihren Reisepass einzuf\u00fcgen. Kinder (unter 18 Jahren), die \u00fcber einen eigenen Reisepass verf\u00fcgen, ben\u00f6tigen ein eigenes Visum. Minderj\u00e4hrige, die im Reisepass ihres Elternteils oder Erziehungsberechtigten eingetragen sind, k\u00f6nnen im Visum ihres Elternteils\/Erziehungsberechtigten eingetragen werden.<\/li>\n<li><strong><strong>Reisende ben\u00f6tigen einen Reisepass mit einer G\u00fcltigkeit von mindestens 6 Monaten.\u00a0<\/strong><\/strong><\/li>\n<li>Eine <strong>Gelbfieberimpfung<\/strong> ist erforderlich.<\/li>\n<li>Es kann schwierig sein, an Geld zu kommen. <strong>Reiseschecks, Kreditkarten und Debitkarten werden nicht allgemein akzeptiert<\/strong>.\u00a0<strong><br \/>\n<\/strong><\/li>\n<\/ol>\n<h2><\/h2>\n<h2 id=\"rwanda\">Rwanda<\/h2>\n<p><strong>Update vom 15. Juli 2023<\/strong><\/p>\n<ol>\n<li><strong>Reisende, sofern sie nicht davon ausgenommen sind <\/strong>(siehe <strong><a href=\"https:\/\/www.migration.gov.rw\/our-services\/visa-issued-under-special-arrangement\" target=\"_blank\" rel=\"noopener\">hier,<\/a> <\/strong>B\u00fcrger mehrerer L\u00e4nder haben bei der Einreise Anspruch auf ein kostenloses Visum oder ben\u00f6tigen gar kein Visum)<strong> m\u00fcssen online oder bei Ankunft ein Visum beantragen. <\/strong>Unter folgendem Link wird das Visum innerhalb von ca. 7 Werktagen ausgestellt: <a href=\"https:\/\/irembo.gov.rw\/home\/citizen\/all_services\" target=\"_blank\" rel=\"noopener\">https:\/\/irembo.gov.rw\/home\/citizen\/all_services<\/a> (Visa application ausw\u00e4hlen). Das <strong>ausgedruckte e-Visum<\/strong> wird dem Einwanderungsbeamten bei Einreise vorgelegt. Kinder unter 16 Jahren ben\u00f6tigen kein eigenes e-Visum.<\/li>\n<li><strong><strong>Reisende ben\u00f6tigen einen Reisepass mit einer G\u00fcltigkeit von mindestens 6 Monaten.\u00a0<\/strong><\/strong><\/li>\n<li>Bei Reisen aus einem Gelbfieber-Endemieland ist eine<strong> Gelbfieberimpfung <\/strong>erforderlich, siehe <strong><a href=\"https:\/\/cdn.who.int\/media\/docs\/default-source\/travel-and-health\/countries-with-risk-of-yellow-fever-transmission.pdf\" target=\"_blank\" rel=\"noopener\">hier<\/a>.<\/strong><\/li>\n<li>Es kann schwierig sein, an Geld zu kommen. <strong>Reiseschecks, Kreditkarten und Debitkarten werden nicht allgemein akzeptiert<\/strong>.<\/li>\n<\/ol>\n<h2><\/h2>\n<h2 id=\"eastafrica\">Reisen zwischen den ostafrikanischen L\u00e4ndern<\/h2>\n<p>Das <strong>East African Tourist Visa<\/strong> erlaubt mehrfache Einreisen nach Kenia, Uganda und Rwanda &#8211; aber NICHT nach Tansania. Das Visum ist f\u00fcr 90 Tage g\u00fcltig und kann nicht verl\u00e4ngert werden. Es muss bei dem Land beantragt werden, welches der erste Einreisepunkt ist &#8211; wenn dieses Land bei der Ankunft kein Visum ausstellt, muss es online beantragt werden.<br \/>\nF\u00fcr die Einreise nach Tansania muss ein separates Visum beantragt werden.[\/vc_column_text][\/vc_column][\/vc_row]\n","protected":false},"excerpt":{"rendered":"<p>[vc_row][vc_column][vc_column_text] Kenia Tansania &amp; Sansibar Uganda Rwanda Reisen zwischen den ostafrikanischen L\u00e4ndern &nbsp; Kenia Update vom 4. Januar 2024 Alle Personen, die nach Kenia einreisen (Kenianische oder Ostafrikanische Staatsb\u00fcrger sind ausgenommen), ben\u00f6tigen eine &#8222;Electronic Travel Authorization&#8220; (ETA). Auch f\u00fcr Babies und Kinder muss eine ETA beantragt werden. Die ETA muss vor Antritt der Reise vorliegen [&hellip;]<\/p>\n","protected":false},"author":1,"featured_media":1025,"parent":0,"menu_order":0,"comment_status":"closed","ping_status":"closed","template":"page-blank.php","meta":{"pgc_sgb_lightbox_settings":"","footnotes":""},"class_list":["post-4031","page","type-page","status-publish","has-post-thumbnail","hentry"],"publishpress_future_action":{"enabled":false,"date":"2026-05-02 09:44:55","action":"change-status","newStatus":"draft","terms":[],"taxonomy":"translation_priority","extraData":[]},"publishpress_future_workflow_manual_trigger":{"enabledWorkflows":[]},"_links":{"self":[{"href":"https:\/\/phoenix-safaris.com\/de\/wp-json\/wp\/v2\/pages\/4031","targetHints":{"allow":["GET"]}}],"collection":[{"href":"https:\/\/phoenix-safaris.com\/de\/wp-json\/wp\/v2\/pages"}],"about":[{"href":"https:\/\/phoenix-safaris.com\/de\/wp-json\/wp\/v2\/types\/page"}],"author":[{"embeddable":true,"href":"https:\/\/phoenix-safaris.com\/de\/wp-json\/wp\/v2\/users\/1"}],"replies":[{"embeddable":true,"href":"https:\/\/phoenix-safaris.com\/de\/wp-json\/wp\/v2\/comments?post=4031"}],"version-history":[{"count":1,"href":"https:\/\/phoenix-safaris.com\/de\/wp-json\/wp\/v2\/pages\/4031\/revisions"}],"predecessor-version":[{"id":5710,"href":"https:\/\/phoenix-safaris.com\/de\/wp-json\/wp\/v2\/pages\/4031\/revisions\/5710"}],"wp:featuredmedia":[{"embeddable":true,"href":"https:\/\/phoenix-safaris.com\/de\/wp-json\/wp\/v2\/media\/1025"}],"wp:attachment":[{"href":"https:\/\/phoenix-safaris.com\/de\/wp-json\/wp\/v2\/media?parent=4031"}],"curies":[{"name":"wp","href":"https:\/\/api.w.org\/{rel}","templated":true}]}}