{"id":3157,"date":"2021-11-12T10:05:16","date_gmt":"2021-11-12T10:05:16","guid":{"rendered":"https:\/\/phoenix-safaris.com\/?page_id=3157"},"modified":"2023-08-01T08:13:54","modified_gmt":"2023-08-01T08:13:54","slug":"unsere-fahrzeuge","status":"publish","type":"page","link":"https:\/\/phoenix-safaris.com\/de\/unsere-fahrzeuge","title":{"rendered":"Unsere Fahrzeuge"},"content":{"rendered":"[vc_row][vc_column][vc_column_text]<strong>Unsere Fahrzeuge sind mit K\u00fchlboxen, Werkzeugkasten, Erste Hilfe Kasten, Feuerl\u00f6scher, Sitzgurten und Sitzen mit strapazierf\u00e4higem Segeltuch ausgestattet. Jedes Fahrzeug in unserer Safari Flotte verf\u00fcgt \u00fcber Funk. Alle Fahrzeuge werden in unserer hauseigenen Werkstatt gewartet, dies garantiert eine hervorragende Zuverl\u00e4ssigkeit und einen sofortigen Backup-\/Recovery-Service im Falle einer Panne.<\/strong>[\/vc_column_text][vc_custom_heading text=&#8220;Toyota Land Cruiser 4&#215;4 &#8211; Pop-up Dach&#8220; google_fonts=&#8220;font_family:Nunito%3A300%2Cregular%2C700|font_style:400%20regular%3A400%3Anormal&#8220;][vc_gallery type=&#8220;image_grid&#8220; images=&#8220;3063,3065,3067,3069,3071,3073&#8243; img_size=&#8220;medium&#8220;][vc_custom_heading text=&#8220;Safari Minibus&#8220; google_fonts=&#8220;font_family:Nunito%3A300%2Cregular%2C700|font_style:400%20regular%3A400%3Anormal&#8220;][vc_gallery type=&#8220;image_grid&#8220; images=&#8220;3100,3098,3096,3094,3092,3090&#8243; img_size=&#8220;medium&#8220;][\/vc_column][\/vc_row]\n","protected":false},"excerpt":{"rendered":"<p>[vc_row][vc_column][vc_column_text]Unsere Fahrzeuge sind mit K\u00fchlboxen, Werkzeugkasten, Erste Hilfe Kasten, Feuerl\u00f6scher, Sitzgurten und Sitzen mit strapazierf\u00e4higem Segeltuch ausgestattet. Jedes Fahrzeug in unserer Safari Flotte verf\u00fcgt \u00fcber Funk. Alle Fahrzeuge werden in unserer hauseigenen Werkstatt gewartet, dies garantiert eine hervorragende Zuverl\u00e4ssigkeit und einen sofortigen Backup-\/Recovery-Service im Falle einer Panne.[\/vc_column_text][vc_custom_heading text=&#8220;Toyota Land Cruiser 4&#215;4 &#8211; Pop-up Dach&#8220; google_fonts=&#8220;font_family:Nunito%3A300%2Cregular%2C700|font_style:400%20regular%3A400%3Anormal&#8220;][vc_gallery [&hellip;]<\/p>\n","protected":false},"author":1,"featured_media":4067,"parent":0,"menu_order":0,"comment_status":"closed","ping_status":"closed","template":"page-blank.php","meta":{"pgc_sgb_lightbox_settings":"","footnotes":""},"class_list":["post-3157","page","type-page","status-publish","has-post-thumbnail","hentry"],"publishpress_future_action":{"enabled":false,"date":"2026-05-02 09:53:58","action":"change-status","newStatus":"draft","terms":[],"taxonomy":"translation_priority","extraData":[]},"publishpress_future_workflow_manual_trigger":{"enabledWorkflows":[]},"_links":{"self":[{"href":"https:\/\/phoenix-safaris.com\/de\/wp-json\/wp\/v2\/pages\/3157","targetHints":{"allow":["GET"]}}],"collection":[{"href":"https:\/\/phoenix-safaris.com\/de\/wp-json\/wp\/v2\/pages"}],"about":[{"href":"https:\/\/phoenix-safaris.com\/de\/wp-json\/wp\/v2\/types\/page"}],"author":[{"embeddable":true,"href":"https:\/\/phoenix-safaris.com\/de\/wp-json\/wp\/v2\/users\/1"}],"replies":[{"embeddable":true,"href":"https:\/\/phoenix-safaris.com\/de\/wp-json\/wp\/v2\/comments?post=3157"}],"version-history":[{"count":0,"href":"https:\/\/phoenix-safaris.com\/de\/wp-json\/wp\/v2\/pages\/3157\/revisions"}],"wp:featuredmedia":[{"embeddable":true,"href":"https:\/\/phoenix-safaris.com\/de\/wp-json\/wp\/v2\/media\/4067"}],"wp:attachment":[{"href":"https:\/\/phoenix-safaris.com\/de\/wp-json\/wp\/v2\/media?parent=3157"}],"curies":[{"name":"wp","href":"https:\/\/api.w.org\/{rel}","templated":true}]}}