{"id":1784,"date":"2020-05-13T05:30:44","date_gmt":"2020-05-13T05:30:44","guid":{"rendered":"https:\/\/phoenix-safaris.com\/phoenix-safaris-home"},"modified":"2023-05-17T10:55:04","modified_gmt":"2023-05-17T10:55:04","slug":"phoenix-safaris-home","status":"publish","type":"page","link":"https:\/\/phoenix-safaris.com\/de","title":{"rendered":"Home"},"content":{"rendered":"[vc_row][vc_column width=&#8220;1\/6&#8243;][\/vc_column][vc_column width=&#8220;2\/3&#8243;][vc_column_text css_animation=&#8220;fadeInDown&#8220;]\n<h5 style=\"text-align: center;\"><span style=\"color: #800000;\"><em>Ihr Perfekter Reise Partner!<\/em><\/span><\/h5>\n<h2 style=\"text-align: center;\">Willkommen \u2013 Karibu bei Phoenix Safaris!<\/h2>\n<p style=\"text-align: center;\">Erleben Sie mit Phoenix Safaris eine wohlverdiente Pause von Ihrem Alltag an den sch\u00f6nsten Orten Ostafrikas. Ob Sie davon tr\u00e4umen atemberaubende Naturlandschaften oder einzigartige Wildtiere zu genie\u00dfen, authentische afrikanische Kultur zu erleben oder einfach nur an einem tropischen Strand am Indischen Ozean zu entspannen &#8211; wir bieten professionellen Service f\u00fcr ma\u00dfgeschneiderten Traumurlaub in Kenia, Uganda, Ruanda und Tansania an.<\/p>\n<p style=\"text-align: center;\"><strong><em>Starten Sie mit Phoenix Safaris in Ihren Urlaub &#8211; wir garantieren Ihnen einmalige Erlebnisse und unvergessliche Augenblicke in Ostafrika.<\/em><\/strong><\/p>\n[\/vc_column_text][\/vc_column][vc_column width=&#8220;1\/6&#8243;][\/vc_column][\/vc_row][vc_row full_width=&#8220;stretch_row_content&#8220; equal_height=&#8220;yes&#8220; content_placement=&#8220;bottom&#8220; parallax=&#8220;content-moving&#8220; parallax_image=&#8220;1326&#8243; parallax_speed_bg=&#8220;1.8&#8243; css_animation=&#8220;none&#8220; css=&#8220;.vc_custom_1587991592351{background-color: #ffffff !important;}&#8220;][vc_column css_animation=&#8220;none&#8220; width=&#8220;1\/3&#8243; css=&#8220;.vc_custom_1587989375311{padding-right: 50px !important;padding-left: 150px !important;}&#8220;][\/vc_column][vc_column parallax=&#8220;content-moving&#8220; width=&#8220;1\/3&#8243; css=&#8220;.vc_custom_1587990790038{background-position: center !important;background-repeat: no-repeat !important;background-size: cover !important;}&#8220;][vc_empty_space height=&#8220;100px&#8220;][vc_column_text css_animation=&#8220;fadeInUp&#8220; css=&#8220;.vc_custom_1605258513801{padding-top: 10px !important;padding-right: 10px !important;padding-bottom: 10px !important;padding-left: 10px !important;background-color: rgba(255,255,255,0.8) !important;*background-color: rgb(255,255,255) !important;border-radius: 3px !important;}&#8220;]\n<p style=\"color: #ffffff; text-align: center;\"><span style=\"color: #300000;\">Wir bieten individuelle Reise Pakete &#8211; Safaris, Strand- und Aktivurlaub &#8211; f\u00fcr Singles, Familien und Gruppen.<\/span><\/p>\n[\/vc_column_text][vc_btn title=&#8220;Mehr \u00fcber uns&#8220; style=&#8220;classic&#8220; color=&#8220;warning&#8220; align=&#8220;center&#8220; i_align=&#8220;right&#8220; i_icon_fontawesome=&#8220;fas fa-angle-right&#8220; add_icon=&#8220;true&#8220; link=&#8220;url:https%3A%2F%2Fphoenix-safaris.com%2Fde%2Fueber-uns|title:Wer%20wir%20sind|&#8220;][vc_empty_space height=&#8220;100px&#8220;][\/vc_column][vc_column width=&#8220;1\/3&#8243;][\/vc_column][\/vc_row][vc_row full_width=&#8220;stretch_row&#8220; css_animation=&#8220;none&#8220; css=&#8220;.vc_custom_1587992277405{padding-top: 50px !important;}&#8220;][vc_column css_animation=&#8220;none&#8220;][vc_custom_heading text=&#8220;Warum Sie mit Phoenix Safaris reisen sollten?&#8220; font_container=&#8220;tag:h2|font_size:27px|text_align:center&#8220; google_fonts=&#8220;font_family:Libre%20Baskerville%3Aregular%2Citalic%2C700|font_style:700%20bold%20regular%3A700%3Anormal&#8220; css_animation=&#8220;slideInUp&#8220;][\/vc_column][\/vc_row][vc_row full_width=&#8220;stretch_row&#8220; gap=&#8220;20&#8243; parallax=&#8220;content-moving-fade&#8220; css=&#8220;.vc_custom_1587992197182{padding-bottom: 50px !important;}&#8220;][vc_column css_animation=&#8220;fadeInUp&#8220; width=&#8220;1\/4&#8243;][vc_icon type=&#8220;material&#8220; icon_material=&#8220;vc-material vc-material-face&#8220; color=&#8220;custom&#8220; background_style=&#8220;rounded-outline&#8220; background_color=&#8220;custom&#8220; size=&#8220;lg&#8220; align=&#8220;center&#8220; css=&#8220;.vc_custom_1587655730911{margin-bottom: 25px !important;}&#8220; custom_color=&#8220;#e56b00&#8243; custom_background_color=&#8220;#d8d8d8&#8243;][vc_custom_heading text=&#8220;Wir sind vor Ort<br \/>\n&#8211; Afrika ist unser zu Hause -&#8220; font_container=&#8220;tag:h3|font_size:17px|text_align:center&#8220; use_theme_fonts=&#8220;yes&#8220;][vc_column_text]\n<p style=\"text-align: center;\">Mit mehr als 20 Jahren praktischer Erfahrung in Afrika nutzen wir unser Insider-Wissen, um Ihren Urlaub individuell zu planen und durchzuf\u00fchren.<\/p>\n[\/vc_column_text][\/vc_column][vc_column css_animation=&#8220;fadeInDown&#8220; width=&#8220;1\/4&#8243;][vc_icon type=&#8220;entypo&#8220; icon_entypo=&#8220;entypo-icon entypo-icon-chat&#8220; color=&#8220;custom&#8220; background_style=&#8220;rounded-outline&#8220; background_color=&#8220;custom&#8220; size=&#8220;lg&#8220; align=&#8220;center&#8220; css=&#8220;.vc_custom_1587655752077{margin-bottom: 25px !important;}&#8220; custom_color=&#8220;#e56b00&#8243; custom_background_color=&#8220;#d8d8d8&#8243;][vc_custom_heading text=&#8220;Wir sind f\u00fcr Sie da<br \/>\n&#8211; Rund um die Uhr -&#8220; font_container=&#8220;tag:h3|font_size:17px|text_align:center&#8220; use_theme_fonts=&#8220;yes&#8220;][vc_column_text]\n<p style=\"text-align: center;\">Unser Team aus engagierten Reiseberatern und erfahrenen Tourguides ist rund um die Uhr erreichbar und wir sind motiviert, Ihnen den besten Kundenservice zu bieten.<\/p>\n[\/vc_column_text][\/vc_column][vc_column css_animation=&#8220;fadeInUp&#8220; width=&#8220;1\/4&#8243;][vc_icon type=&#8220;material&#8220; icon_material=&#8220;vc-material vc-material-favorite&#8220; color=&#8220;custom&#8220; background_style=&#8220;rounded-outline&#8220; background_color=&#8220;custom&#8220; size=&#8220;lg&#8220; align=&#8220;center&#8220; css=&#8220;.vc_custom_1587655771502{margin-bottom: 25px !important;}&#8220; custom_color=&#8220;#e56b00&#8243; custom_background_color=&#8220;#d8d8d8&#8243;][vc_custom_heading text=&#8220;Wir bieten Erlebnisse<br \/>\n&#8211; zu fairen Preisen -&#8220; font_container=&#8220;tag:h3|font_size:17px|text_align:center&#8220; use_theme_fonts=&#8220;yes&#8220;][vc_column_text]\n<p style=\"text-align: center;\">Hier vor Ort in unserem Zuhause kennen wir uns bestens aus und haben mit unseren Partnern direkte und pers\u00f6nliche Vertr\u00e4ge zu fairen Preisen.<\/p>\n[\/vc_column_text][\/vc_column][vc_column css_animation=&#8220;fadeInDown&#8220; width=&#8220;1\/4&#8243;][vc_icon icon_fontawesome=&#8220;fas fa-dove&#8220; color=&#8220;custom&#8220; background_style=&#8220;rounded-outline&#8220; background_color=&#8220;custom&#8220; size=&#8220;lg&#8220; align=&#8220;center&#8220; css=&#8220;.vc_custom_1587655790489{margin-bottom: 25px !important;}&#8220; custom_color=&#8220;#e56b00&#8243; custom_background_color=&#8220;#d8d8d8&#8243;][vc_custom_heading text=&#8220;Wir sind unabh\u00e4ngig<br \/>\n&#8211; Ihre W\u00fcnsche z\u00e4hlen -&#8220; font_container=&#8220;tag:h3|font_size:17px|text_align:center&#8220; use_theme_fonts=&#8220;yes&#8220;][vc_column_text]\n<p style=\"text-align: center;\">Wir sind keinem Partner gegen\u00fcber verpflichtet &#8211; unsere Angebote richten sich ausschlie\u00dflich nach den W\u00fcnschen unserer G\u00e4ste &#8211; ohne Druck, ungeeignete Optionen zu vermarkten.<\/p>\n[\/vc_column_text][\/vc_column][\/vc_row][vc_row full_width=&#8220;stretch_row&#8220; content_placement=&#8220;middle&#8220; parallax=&#8220;content-moving&#8220; parallax_image=&#8220;1340&#8243; parallax_speed_bg=&#8220;1.8&#8243; css=&#8220;.vc_custom_1587993023509{padding-top: 60px !important;padding-right: 10vw !important;padding-bottom: 60px !important;padding-left: 10vw !important;}&#8220;][vc_column css_animation=&#8220;fadeInLeft&#8220;][vc_custom_heading text=&#8220;REISEINSPIRATIONEN&#8220; font_container=&#8220;tag:h1|text_align:center|color:%23ffffff&#8220; use_theme_fonts=&#8220;yes&#8220;][vc_empty_space][vc_column_text]<style type='text\/css' media='all'>#tss-container-2433553954.tss-wrapper .tss-layout10 .item-content-wrapper,\r\n\t\t\t\t\t#tss-container-2433553954.tss-wrapper .tss-isotope3 .item-content-wrapper,\r\n\t\t\t\t\t#tss-container-2433553954.tss-wrapper .tss-isotope5 .item-content-wrapper,\r\n\t\t\t\t\t#tss-container-2433553954.tss-wrapper .tss-carousel10 .item-content-wrapper{background: transparent;}<\/style><div class='rt-container-fluid tss-wrapper ' id='tss-container-2433553954'  data-layout='carousel1' data-desktop-col='1'  data-tab-col='2'  data-mobile-col='1'><div data-title='Loading ...' class='rt-row tss-carousel1 tss-even tss-pre-loader'><div class=\"carousel-wrapper\"><div  class='tss-carousel swiper'\r\n\t\t\t\t\t\t\t\t\t\tdata-loop='true'\r\n\t\t\t\t\t\t\t\t\t\tdata-items-desktop='1'\r\n\t\t\t\t\t\t\t\t\t\tdata-items-tab='2'\r\n\t\t\t\t\t\t\t\t\t\tdata-items-mobile='1'\r\n\t\t\t\t\t\t\t\t\t\tdata-autoplay='true'\r\n\t\t\t\t\t\t\t\t\t\tdata-autoplay-timeout='5000'\r\n\t\t\t\t\t\t\t\t\t\tdata-autoplay-hover-pause='false'\r\n\t\t\t\t\t\t\t\t\t\tdata-dots='false'\r\n\t\t\t\t\t\t\t\t\t\tdata-nav='false'\r\n\t\t\t\t\t\t\t\t\t\tdata-lazy-load='false'\r\n\t\t\t\t\t\t\t\t\t\tdata-auto-height='false'\r\n\t\t\t\t\t\t\t\t\t\tdata-smart-speed='1000'\r\n\t\t\t\t\t\t\t\t\t\t><div class=\"swiper-wrapper\"><div class='rt-col-md-12 rt-col-sm-12 rt-col-xs-12 even-grid-item tss-grid-item slide-item swiper-slide even-grid-item default-margin'><div class=\"single-item-wrapper\"><div class=\"tss-meta-info tss-left\"><h3 class='author-name'>Anais Nin<\/h3><\/div><div class=\"item-content-wrapper tss-right\"><div class='item-content'><p>\u201cWe travel, some of us forever, to seek other places, other lives, other souls.\u201d<\/p>\n<\/div><\/div><\/div><\/div><div class='rt-col-md-12 rt-col-sm-12 rt-col-xs-12 even-grid-item tss-grid-item slide-item swiper-slide even-grid-item default-margin'><div class=\"single-item-wrapper\"><div class=\"tss-meta-info tss-left\"><h3 class='author-name'>Ibn Battuta<\/h3><\/div><div class=\"item-content-wrapper tss-right\"><div class='item-content'><p>\u201cTraveling \u2013 it leaves you speechless, then turns you into a storyteller.\u201d<\/p>\n<\/div><\/div><\/div><\/div><div class='rt-col-md-12 rt-col-sm-12 rt-col-xs-12 even-grid-item tss-grid-item slide-item swiper-slide even-grid-item default-margin'><div class=\"single-item-wrapper\"><div class=\"tss-meta-info tss-left\"><h3 class='author-name'>Benjamin Disraeli<\/h3><\/div><div class=\"item-content-wrapper tss-right\"><div class='item-content'><p>\u201cLike all great travelers, I have seen more than I remember, and remember more than I have seen.\u201d<\/p>\n<\/div><\/div><\/div><\/div><div class='rt-col-md-12 rt-col-sm-12 rt-col-xs-12 even-grid-item tss-grid-item slide-item swiper-slide even-grid-item default-margin'><div class=\"single-item-wrapper\"><div class=\"tss-meta-info tss-left\"><h3 class='author-name'>Lin Yutang<\/h3><\/div><div class=\"item-content-wrapper tss-right\"><div class='item-content'><p>&#8222;No one realizes how beautiful it is to travel until he comes home and rests his head on his old, familiar pillow.\u201d<\/p>\n<\/div><\/div><\/div><\/div><div class='rt-col-md-12 rt-col-sm-12 rt-col-xs-12 even-grid-item tss-grid-item slide-item swiper-slide even-grid-item default-margin'><div class=\"single-item-wrapper\"><div class=\"tss-meta-info tss-left\"><h3 class='author-name'>Karen Blixen<\/h3><\/div><div class=\"item-content-wrapper tss-right\"><div class='item-content'><p>\u201cThere is something about safari life that makes you forget all your sorrows and feel as if you had drunk half a bottle of champagne \u2014 bubbling over with heartfelt gratitude for being alive.\u201d<\/p>\n<\/div><\/div><\/div><\/div><\/div><\/div><\/div><div class=\"rt-loading-overlay\"><\/div><div class=\"rt-loading rt-ball-clip-rotate\"><div><\/div><\/div><\/div><\/div>[\/vc_column_text][vc_empty_space height=&#8220;20px&#8220;][vc_btn title=&#8220;Kontaktieren Sie uns&#8220; style=&#8220;classic&#8220; color=&#8220;warning&#8220; align=&#8220;center&#8220; i_align=&#8220;right&#8220; i_icon_fontawesome=&#8220;fas fa-chevron-right&#8220; add_icon=&#8220;true&#8220; link=&#8220;url:https%3A%2F%2Fphoenix-safaris.com%2Fde%2Fkontakt|title:Kontakt|&#8220;][\/vc_column][\/vc_row][vc_row full_width=&#8220;stretch_row_content&#8220; css=&#8220;.vc_custom_1560508159264{padding-top: 90px !important;padding-right: 5vw !important;padding-bottom: 90px !important;padding-left: 5vw !important;}&#8220;][vc_column css=&#8220;.vc_custom_1560081049926{padding-top: 0px !important;}&#8220;][vc_column_text css_animation=&#8220;fadeInDown&#8220;]\n<h5 style=\"text-align: center;\"><em><span style=\"color: #800000;\">Die besten Safaris!<br \/>\n<\/span><\/em><\/h5>\n<h2 class=\"vc_custom_heading wpb_animate_when_almost_visible wpb_slideInUp slideInUp vc_custom_1587547127505 wpb_start_animation animated\" style=\"text-align: center;\">MEIST GEBUCHTE SAFARI ERLEBNISSE<\/h2>\n<p style=\"text-align: center;\">Karibu! Unsere besten Safaris &#8211; so viel herrliche Natur zu entdecken, gro\u00dfartige Menschen zu treffen und hervorragende K\u00fcche zu genie\u00dfen.<\/p>\n[\/vc_column_text][vc_masonry_grid post_type=&#8220;tour&#8220; max_items=&#8220;6&#8243; gap=&#8220;0&#8243; orderby=&#8220;rand&#8220; order=&#8220;ASC&#8220; item=&#8220;943&#8243; initial_loading_animation=&#8220;fadeIn&#8220; grid_id=&#8220;vc_gid:1684320818731-6d370ae5-f23f-1&#8243; el_class=&#8220;best_safaris&#8220;][\/vc_column][\/vc_row][vc_row css=&#8220;.vc_custom_1588053437574{margin-top: -55px !important;}&#8220;][vc_column][vc_column_text css_animation=&#8220;fadeInDown&#8220;]\n<h5 style=\"text-align: center;\"><em><span style=\"color: #800000;\">Gro\u00dfartige Angebote!<br \/>\n<\/span><\/em><\/h5>\n<h2 class=\"vc_custom_heading wpb_animate_when_almost_visible wpb_slideInUp slideInUp vc_custom_1587547127505 wpb_start_animation animated\" style=\"text-align: center;\">SONDERANGEBOTE<\/h2>\n<p style=\"text-align: center;\">Bleiben Sie auf dem Laufenden mit unseren Resident Angeboten und Special Deals.<\/p>\n[\/vc_column_text][\/vc_column][\/vc_row][vc_row equal_height=&#8220;yes&#8220; content_placement=&#8220;middle&#8220; parallax=&#8220;content-moving&#8220; parallax_image=&#8220;1358&#8243; parallax_speed_bg=&#8220;2&#8243; css=&#8220;.vc_custom_1589790701140{margin-left: -27px !important;}&#8220;][vc_column width=&#8220;1\/3&#8243; css=&#8220;.vc_custom_1594699710773{background-color: rgba(255,255,255,0.66) !important;*background-color: rgb(255,255,255) !important;}&#8220;][vc_raw_html]JTNDcCUzRSUzQyUyMS0tJTIwQmVnaW4lMjBNYWlsY2hpbXAlMjBTaWdudXAlMjBGb3JtJTIwLS0lM0UlMEElM0NsaW5rJTIwaHJlZiUzRCUyMiUyRiUyRmNkbi1pbWFnZXMubWFpbGNoaW1wLmNvbSUyRmVtYmVkY29kZSUyRmNsYXNzaWMtMTBfNy5jc3MlMjIlMjByZWwlM0QlMjJzdHlsZXNoZWV0JTIyJTIwdHlwZSUzRCUyMnRleHQlMkZjc3MlMjIlM0UlMEElM0NzdHlsZSUyMHR5cGUlM0QlMjJ0ZXh0JTJGY3NzJTIyJTNFJTBBJTA5JTIzbWNfZW1iZWRfc2lnbnVwJTdCY2xlYXIlM0FsZWZ0JTNCJTdEJTBBJTNDJTJGc3R5bGUlM0UlMEElM0NkaXYlMjBpZCUzRCUyMm1jX2VtYmVkX3NpZ251cCUyMiUzRSUwQSUzQ2Zvcm0lMjBhY3Rpb24lM0QlMjJodHRwcyUzQSUyRiUyRnBob2VuaXgtc2FmYXJpcy51czMubGlzdC1tYW5hZ2UuY29tJTJGc3Vic2NyaWJlJTJGcG9zdCUzRnUlM0Q0ZjlkYTE3YTc1NDExMWUxZmEzYmJlMTQ5JTI2YW1wJTNCaWQlM0RkMDRjMjYwOWZlJTIyJTIwbWV0aG9kJTNEJTIycG9zdCUyMiUyMGlkJTNEJTIybWMtZW1iZWRkZWQtc3Vic2NyaWJlLWZvcm0lMjIlMjBuYW1lJTNEJTIybWMtZW1iZWRkZWQtc3Vic2NyaWJlLWZvcm0lMjIlMjBjbGFzcyUzRCUyMnZhbGlkYXRlJTIyJTIwdGFyZ2V0JTNEJTIyX2JsYW5rJTIyJTIwbm92YWxpZGF0ZSUzRSUwQSUyMCUyMCUyMCUyMCUzQ2RpdiUyMGlkJTNEJTIybWNfZW1iZWRfc2lnbnVwX3Njcm9sbCUyMiUzRSUwQSUwOSUzQ2gyJTNFRS1NYWlsJTIwTmV3c2xldHRlciUzQyUyRmgyJTNFJTBBJTNDZGl2JTIwY2xhc3MlM0QlMjJpbmRpY2F0ZXMtcmVxdWlyZWQlMjIlM0UlM0NzcGFuJTIwY2xhc3MlM0QlMjJhc3RlcmlzayUyMiUzRSUyQSUzQyUyRnNwYW4lM0UlMjBQZmxpY2h0ZmVsZCUzQyUyRmRpdiUzRSUwQSUzQ2RpdiUyMGNsYXNzJTNEJTIybWMtZmllbGQtZ3JvdXAlMjIlM0UlMEElMDklM0NsYWJlbCUyMGZvciUzRCUyMm1jZS1FTUFJTCUyMiUzRUUtTWFpbCUyMEFkcmVzc2UlMjAlMjAlM0NzcGFuJTIwY2xhc3MlM0QlMjJhc3RlcmlzayUyMiUzRSUyQSUzQyUyRnNwYW4lM0UlMEElM0MlMkZsYWJlbCUzRSUwQSUwOSUzQ2lucHV0JTIwdHlwZSUzRCUyMmVtYWlsJTIyJTIwdmFsdWUlM0QlMjIlMjIlMjBuYW1lJTNEJTIyRU1BSUwlMjIlMjBjbGFzcyUzRCUyMnJlcXVpcmVkJTIwZW1haWwlMjIlMjBpZCUzRCUyMm1jZS1FTUFJTCUyMiUzRSUwQSUzQyUyRmRpdiUzRSUwQSUzQ2RpdiUyMGNsYXNzJTNEJTIybWMtZmllbGQtZ3JvdXAlMjIlM0UlMEElMDklM0NsYWJlbCUyMGZvciUzRCUyMm1jZS1GTkFNRSUyMiUzRVZvci0lMjB1bmQlMjBadW5hbWUlMjAlM0MlMkZsYWJlbCUzRSUwQSUwOSUzQ2lucHV0JTIwdHlwZSUzRCUyMnRleHQlMjIlMjB2YWx1ZSUzRCUyMiUyMiUyMG5hbWUlM0QlMjJGTkFNRSUyMiUyMGNsYXNzJTNEJTIyJTIyJTIwaWQlM0QlMjJtY2UtRk5BTUUlMjIlM0UlMEElM0MlMkZkaXYlM0UlMEElMEElM0NkaXYlMjBjbGFzcyUzRCUyMm1jLWZpZWxkLWdyb3VwJTIwaW5wdXQtZ3JvdXAlMjIlM0UlMEElMjAlMjAlMjAlMjAlM0NzdHJvbmclM0VBbmdlYm90ZSUyMGYlQzMlQkNyJTNDJTJGc3Ryb25nJTNFJTBBJTIwJTIwJTIwJTIwJTNDdWwlM0UlM0NsaSUzRSUzQ2lucHV0JTIwdHlwZSUzRCUyMmNoZWNrYm94JTIyJTIwdmFsdWUlM0QlMjIxJTIyJTIwbmFtZSUzRCUyMmdyb3VwJTVCMTM0MzMlNUQlNUIxJTVEJTIyJTIwaWQlM0QlMjJtY2UtZ3JvdXAlNUIxMzQzMyU1RC0xMzQzMy0wJTIyJTNFJTNDbGFiZWwlMjBmb3IlM0QlMjJtY2UtZ3JvdXAlNUIxMzQzMyU1RC0xMzQzMy0wJTIyJTNFUmVzaWRlbnRzJTNDJTJGbGFiZWwlM0UlM0MlMkZsaSUzRSUwQSUzQ2xpJTNFJTNDaW5wdXQlMjB0eXBlJTNEJTIyY2hlY2tib3glMjIlMjB2YWx1ZSUzRCUyMjIlMjIlMjBuYW1lJTNEJTIyZ3JvdXAlNUIxMzQzMyU1RCU1QjIlNUQlMjIlMjBpZCUzRCUyMm1jZS1ncm91cCU1QjEzNDMzJTVELTEzNDMzLTElMjIlM0UlM0NsYWJlbCUyMGZvciUzRCUyMm1jZS1ncm91cCU1QjEzNDMzJTVELTEzNDMzLTElMjIlM0VOb24tUmVzaWRlbnRzJTNDJTJGbGFiZWwlM0UlM0MlMkZsaSUzRSUwQSUzQyUyRnVsJTNFJTBBJTNDJTJGZGl2JTNFJTBBJTNDZGl2JTIwY2xhc3MlM0QlMjJtYy1maWVsZC1ncm91cCUyMGlucHV0LWdyb3VwJTIyJTNFJTBBJTIwJTIwJTIwJTIwJTNDc3Ryb25nJTNFRXJsYXVibmlzJTIwenVtJTIwU2VuZGVuJTIwdW5zZXJlcyUyMEUtTmV3c2xldHRlcnMlM0MlMkZzdHJvbmclM0UlMEElMjAlMjAlMjAlMjAlM0N1bCUzRSUzQ2xpJTNFJTNDaW5wdXQlMjB0eXBlJTNEJTIyY2hlY2tib3glMjIlMjB2YWx1ZSUzRCUyMjQlMjIlMjBuYW1lJTNEJTIyZ3JvdXAlNUIyMDYxMyU1RCU1QjQlNUQlMjIlMjBpZCUzRCUyMm1jZS1ncm91cCU1QjIwNjEzJTVELTIwNjEzLTAlMjIlM0UlM0NsYWJlbCUyMGZvciUzRCUyMm1jZS1ncm91cCU1QjIwNjEzJTVELTIwNjEzLTAlMjIlM0VFcnRlaWxlbiUzQyUyRmxhYmVsJTNFJTNDJTJGbGklM0UlMEElM0MlMkZ1bCUzRSUwQSUzQyUyRmRpdiUzRSUwQSUwOSUzQ2RpdiUyMGlkJTNEJTIybWNlLXJlc3BvbnNlcyUyMiUyMGNsYXNzJTNEJTIyY2xlYXIlMjIlM0UlMEElMDklMDklM0NkaXYlMjBjbGFzcyUzRCUyMnJlc3BvbnNlJTIyJTIwaWQlM0QlMjJtY2UtZXJyb3ItcmVzcG9uc2UlMjIlMjBzdHlsZSUzRCUyMmRpc3BsYXklM0Fub25lJTIyJTNFJTNDJTJGZGl2JTNFJTBBJTA5JTA5JTNDZGl2JTIwY2xhc3MlM0QlMjJyZXNwb25zZSUyMiUyMGlkJTNEJTIybWNlLXN1Y2Nlc3MtcmVzcG9uc2UlMjIlMjBzdHlsZSUzRCUyMmRpc3BsYXklM0Fub25lJTIyJTNFJTNDJTJGZGl2JTNFJTBBJTA5JTNDJTJGZGl2JTNFJTIwJTIwJTIwJTIwJTNDJTIxLS0lMjByZWFsJTIwcGVvcGxlJTIwc2hvdWxkJTIwbm90JTIwZmlsbCUyMHRoaXMlMjBpbiUyMGFuZCUyMGV4cGVjdCUyMGdvb2QlMjB0aGluZ3MlMjAtJTIwZG8lMjBub3QlMjByZW1vdmUlMjB0aGlzJTIwb3IlMjByaXNrJTIwZm9ybSUyMGJvdCUyMHNpZ251cHMtLSUzRSUwQSUyMCUyMCUyMCUyMCUzQ2RpdiUyMHN0eWxlJTNEJTIycG9zaXRpb24lM0ElMjBhYnNvbHV0ZSUzQiUyMGxlZnQlM0ElMjAtNTAwMHB4JTNCJTIyJTIwYXJpYS1oaWRkZW4lM0QlMjJ0cnVlJTIyJTNFJTNDaW5wdXQlMjB0eXBlJTNEJTIydGV4dCUyMiUyMG5hbWUlM0QlMjJiXzRmOWRhMTdhNzU0MTExZTFmYTNiYmUxNDlfZDA0YzI2MDlmZSUyMiUyMHRhYmluZGV4JTNEJTIyLTElMjIlMjB2YWx1ZSUzRCUyMiUyMiUzRSUzQyUyRmRpdiUzRSUwQSUyMCUyMCUyMCUyMCUzQ2RpdiUyMGNsYXNzJTNEJTIyY2xlYXIlMjIlM0UlM0NpbnB1dCUyMHR5cGUlM0QlMjJzdWJtaXQlMjIlMjB2YWx1ZSUzRCUyMlNlbmRlbiUyMiUyMG5hbWUlM0QlMjJzdWJzY3JpYmUlMjIlMjBpZCUzRCUyMm1jLWVtYmVkZGVkLXN1YnNjcmliZSUyMiUyMGNsYXNzJTNEJTIyZ3JhZGllbnQtYnV0dG9uJTIyJTNFJTNDJTJGZGl2JTNFJTBBJTIwJTIwJTIwJTIwJTNDJTJGZGl2JTNFJTBBJTNDJTJGZm9ybSUzRSUwQSUzQyUyRmRpdiUzRSUwQSUzQ3NjcmlwdCUyMHR5cGUlM0QlMjd0ZXh0JTJGamF2YXNjcmlwdCUyNyUyMHNyYyUzRCUyNyUyRiUyRnMzLmFtYXpvbmF3cy5jb20lMkZkb3dubG9hZHMubWFpbGNoaW1wLmNvbSUyRmpzJTJGbWMtdmFsaWRhdGUuanMlMjclM0UlM0MlMkZzY3JpcHQlM0UlM0NzY3JpcHQlMjB0eXBlJTNEJTI3dGV4dCUyRmphdmFzY3JpcHQlMjclM0UlMjhmdW5jdGlvbiUyOCUyNCUyOSUyMCU3QndpbmRvdy5mbmFtZXMlMjAlM0QlMjBuZXclMjBBcnJheSUyOCUyOSUzQiUyMHdpbmRvdy5mdHlwZXMlMjAlM0QlMjBuZXclMjBBcnJheSUyOCUyOSUzQmZuYW1lcyU1QjAlNUQlM0QlMjdFTUFJTCUyNyUzQmZ0eXBlcyU1QjAlNUQlM0QlMjdlbWFpbCUyNyUzQmZuYW1lcyU1QjElNUQlM0QlMjdGTkFNRSUyNyUzQmZ0eXBlcyU1QjElNUQlM0QlMjd0ZXh0JTI3JTNCZm5hbWVzJTVCMiU1RCUzRCUyN0xOQU1FJTI3JTNCZnR5cGVzJTVCMiU1RCUzRCUyN3RleHQlMjclM0IlN0QlMjhqUXVlcnklMjklMjklM0J2YXIlMjAlMjRtY2olMjAlM0QlMjBqUXVlcnkubm9Db25mbGljdCUyOHRydWUlMjklM0IlM0MlMkZzY3JpcHQlM0UlMEElM0MlMjEtLUVuZCUyMG1jX2VtYmVkX3NpZ251cC0tJTNF[\/vc_raw_html][\/vc_column][vc_column width=&#8220;2\/3&#8243; css=&#8220;.vc_custom_1588050217998{background-position: center !important;background-repeat: no-repeat !important;background-size: cover !important;}&#8220;][vc_wp_text]\n\n<div class=\"su-posts su-posts-teaser-loop\">\n\t\t\t\t\t\t\n\t\t\t<div id=\"su-post-5855\" class=\"su-post\">\n\t\t\t\t\t\t\t\t\t<a class=\"su-post-thumbnail\" href=\"https:\/\/phoenix-safaris.com\/de\/labour-day-offers-3\"><img loading=\"lazy\" decoding=\"async\" width=\"300\" height=\"225\" src=\"https:\/\/phoenix-safaris.com\/wp-content\/uploads\/2026\/04\/Header-for-web-300x225.png\" class=\"attachment-medium size-medium wp-post-image\" alt=\"\" srcset=\"https:\/\/phoenix-safaris.com\/wp-content\/uploads\/2026\/04\/Header-for-web-300x225.png 300w, https:\/\/phoenix-safaris.com\/wp-content\/uploads\/2026\/04\/Header-for-web-768x576.png 768w, https:\/\/phoenix-safaris.com\/wp-content\/uploads\/2026\/04\/Header-for-web.png 800w\" sizes=\"auto, (max-width: 300px) 100vw, 300px\" \/><\/a>\n\t\t\t\t\t\t\t\t<h2 class=\"su-post-title\"><a href=\"https:\/\/phoenix-safaris.com\/de\/labour-day-offers-3\">Labour Day Offers<\/a><\/h2>\n\t\t\t<\/div>\n\n\t\t\t\t\t\n\t\t\t<div id=\"su-post-5830\" class=\"su-post\">\n\t\t\t\t\t\t\t\t\t<a class=\"su-post-thumbnail\" href=\"https:\/\/phoenix-safaris.com\/de\/low-season-specials\"><img loading=\"lazy\" decoding=\"async\" width=\"300\" height=\"225\" src=\"https:\/\/phoenix-safaris.com\/wp-content\/uploads\/2026\/03\/Header-for-web-1-300x225.png\" class=\"attachment-medium size-medium wp-post-image\" alt=\"\" srcset=\"https:\/\/phoenix-safaris.com\/wp-content\/uploads\/2026\/03\/Header-for-web-1-300x225.png 300w, https:\/\/phoenix-safaris.com\/wp-content\/uploads\/2026\/03\/Header-for-web-1-768x576.png 768w, https:\/\/phoenix-safaris.com\/wp-content\/uploads\/2026\/03\/Header-for-web-1.png 800w\" sizes=\"auto, (max-width: 300px) 100vw, 300px\" \/><\/a>\n\t\t\t\t\t\t\t\t<h2 class=\"su-post-title\"><a href=\"https:\/\/phoenix-safaris.com\/de\/low-season-specials\">Low Season Specials<\/a><\/h2>\n\t\t\t<\/div>\n\n\t\t\t<\/div>\n[\/vc_wp_text][vc_btn title=&#8220;Alle Angebote&#8220; color=&#8220;warning&#8220; align=&#8220;left&#8220; i_align=&#8220;right&#8220; i_icon_fontawesome=&#8220;fas fa-angle-right&#8220; add_icon=&#8220;true&#8220; link=&#8220;url:https%3A%2F%2Fphoenix-safaris.com%2Fde%2Fresident-specials|&#8220;][\/vc_column][\/vc_row]\n","protected":false},"excerpt":{"rendered":"<p>[vc_row][vc_column width=&#8220;1\/6&#8243;][\/vc_column][vc_column width=&#8220;2\/3&#8243;][vc_column_text css_animation=&#8220;fadeInDown&#8220;] Ihr Perfekter Reise Partner! Willkommen \u2013 Karibu bei Phoenix Safaris! Erleben Sie mit Phoenix Safaris eine wohlverdiente Pause von Ihrem Alltag an den sch\u00f6nsten Orten Ostafrikas. Ob Sie davon tr\u00e4umen atemberaubende Naturlandschaften oder einzigartige Wildtiere zu genie\u00dfen, authentische afrikanische Kultur zu erleben oder einfach nur an einem tropischen Strand am Indischen [&hellip;]<\/p>\n","protected":false},"author":1,"featured_media":0,"parent":0,"menu_order":0,"comment_status":"closed","ping_status":"closed","template":"byt_home.php","meta":{"pgc_sgb_lightbox_settings":"","footnotes":""},"class_list":["post-1784","page","type-page","status-publish","hentry"],"publishpress_future_action":{"enabled":false,"date":"2026-05-02 09:35:59","action":"change-status","newStatus":"draft","terms":[],"taxonomy":"translation_priority","extraData":[]},"publishpress_future_workflow_manual_trigger":{"enabledWorkflows":[]},"_links":{"self":[{"href":"https:\/\/phoenix-safaris.com\/de\/wp-json\/wp\/v2\/pages\/1784","targetHints":{"allow":["GET"]}}],"collection":[{"href":"https:\/\/phoenix-safaris.com\/de\/wp-json\/wp\/v2\/pages"}],"about":[{"href":"https:\/\/phoenix-safaris.com\/de\/wp-json\/wp\/v2\/types\/page"}],"author":[{"embeddable":true,"href":"https:\/\/phoenix-safaris.com\/de\/wp-json\/wp\/v2\/users\/1"}],"replies":[{"embeddable":true,"href":"https:\/\/phoenix-safaris.com\/de\/wp-json\/wp\/v2\/comments?post=1784"}],"version-history":[{"count":0,"href":"https:\/\/phoenix-safaris.com\/de\/wp-json\/wp\/v2\/pages\/1784\/revisions"}],"wp:attachment":[{"href":"https:\/\/phoenix-safaris.com\/de\/wp-json\/wp\/v2\/media?parent=1784"}],"curies":[{"name":"wp","href":"https:\/\/api.w.org\/{rel}","templated":true}]}}