{"id":1772,"date":"2020-05-12T09:07:00","date_gmt":"2020-05-12T09:07:00","guid":{"rendered":"https:\/\/phoenix-safaris.com\/kunden-bewertungen"},"modified":"2026-02-26T07:20:53","modified_gmt":"2026-02-26T07:20:53","slug":"kunden-bewertungen","status":"publish","type":"page","link":"https:\/\/phoenix-safaris.com\/de\/kunden-bewertungen","title":{"rendered":"Kunden Bewertungen"},"content":{"rendered":"[vc_row][vc_column][vc_custom_heading text=&#8220;Kunden Bewertungen&#8220; font_container=&#8220;tag:h1|text_align:left&#8220; use_theme_fonts=&#8220;yes&#8220;][vc_column_text]<i>Bei Phoenix Safaris sind uns die Erfahrungen unserer G\u00e4ste wichtig. Unten finden Sie einige Bewertungen \u2013 und wenn Sie mit uns gereist sind, freuen wir uns, wenn Sie \u00fcber die angegebenen Links auch Ihre eigene R\u00fcckmeldung teilen.<\/i>[\/vc_column_text][vc_custom_heading text=&#8220;Google Bewertungen&#8220; font_container=&#8220;tag:h3|text_align:left&#8220; use_theme_fonts=&#8220;yes&#8220;][vc_btn title=&#8220;Google Bewertung schreiben&#8220; color=&#8220;warning&#8220; link=&#8220;url:https%3A%2F%2Fg.page%2Fr%2FCbvsFMVXhdjpEAg%2Freview||target:%20_blank|&#8220;][vc_column_text]<style>#wprev-slider-1 .wprev_preview_bradius_T1 {border-radius: 0px;}#wprev-slider-1 .wprev_preview_bg1_T1::after{ border-top: 30px solid ; }<\/style><style><\/style><div class=\"wprev-no-slider \" id=\"wprev-slider-1\">\t\t<div class=\"wprevpro_t1_outer_div w3_wprs-row-padding\">\r\n\t\t\t\t<div class=\"wprevpro_t1_DIV_1 w3_wprs-col l4\">\r\n\t\t\t<div class=\"indrevdiv wprevpro_t1_DIV_2 wprev_preview_bg1_T1 wprev_preview_tcolor1_T1 wprev_preview_bradius_T1\">\r\n\t\t\t\t<p class=\"wprevpro_t1_P_3 wprev_preview_tcolor1_T1\">\r\n\t\t\t\t\t<span class=\"wprevpro_star_imgs_T1\"><span class=\"starloc1 wprevpro_star_imgs wprevpro_star_imgsloc1\"><span class=\"svgicons svg-wprsp-star\"><\/span><span class=\"svgicons svg-wprsp-star\"><\/span><span class=\"svgicons svg-wprsp-star\"><\/span><span class=\"svgicons svg-wprsp-star\"><\/span><span class=\"svgicons svg-wprsp-star\"><\/span><\/span><\/span>We spent most of October 2025 in Kenya. We did our inland excursions with Phoenix Safaris. Their organisation, recommendations, communication and value for money are excellent. But most of all<span class='wprs_rd_more'>... read more<\/span><span class='wprs_rd_more_text' style='display:none;'> their people are first class.\nOn one of our excursions we stayed at the Mara Siria camp, we loved this place and the staff made it that little bit extra special.<\/span>\t\t\t\t<\/p>\r\n\t\t\t\t\t\t\t\t\t\t\t<\/div><span class=\"wprevpro_t1_A_8\"><img decoding=\"async\" src=\"https:\/\/lh3.googleusercontent.com\/a\/ACg8ocIdiTBY-D8lICiB-i5Lr58_PWgh1sZVeVVaHONcT7fHfuW7yw=s64-c-rp-mo-br100\" alt=\"Xidi Avatar\" class=\"wprevpro_t1_IMG_4\" loading=\"lazy\" \/><\/span> <span class=\"wprevpro_t1_SPAN_5 wprev_preview_tcolor2_T1\">Xidi<br\/><span class=\"wprev_showdate_T1\">27. November 2025<\/span> <\/span>\r\n\t\t<\/div>\r\n\t\t\t<div class=\"wprevpro_t1_DIV_1 w3_wprs-col l4\">\r\n\t\t\t<div class=\"indrevdiv wprevpro_t1_DIV_2 wprev_preview_bg1_T1 wprev_preview_tcolor1_T1 wprev_preview_bradius_T1\">\r\n\t\t\t\t<p class=\"wprevpro_t1_P_3 wprev_preview_tcolor1_T1\">\r\n\t\t\t\t\t<span class=\"wprevpro_star_imgs_T1\"><span class=\"starloc1 wprevpro_star_imgs wprevpro_star_imgsloc1\"><span class=\"svgicons svg-wprsp-star\"><\/span><span class=\"svgicons svg-wprsp-star\"><\/span><span class=\"svgicons svg-wprsp-star\"><\/span><span class=\"svgicons svg-wprsp-star\"><\/span><span class=\"svgicons svg-wprsp-star\"><\/span><\/span><\/span>VERY WELL TAKEN CARE OF auf unserem ersten Kenia Safari Trip\nWir hatten uns Anfang 2025 f\u00fcr eine Kenia Reise  in einer 6er Gruppe entschieden. Land und Safari waren Neuland<span class='wprs_rd_more'>... read more<\/span><span class='wprs_rd_more_text' style='display:none;'> f\u00fcr uns und wir wollten sicher sein wir reden bei der Planung mit Partnern vor Ort. PHOENIX SAFARIS war die absolute perfekte Wahl! Von Beginn an immer ein schneller Ansprechpartner f\u00fcr unsere Ideen und Vorschl\u00e4ge. GEMEINSAM haben wir ein Tour durch 4 Nationalparks und ein paar Abschlusstage am Meer zusammengestellt.  Vor Reisebeginn war PHOENIX SAFARIS immer f\u00fcr R\u00fcckfragen erreichbar und hat uns bei den Vorbereitungen optimal begleitet. DIE TOUR SELBST WAR DER ABSOLUTE TRAUM, alles hat tadellos geklappt,  die Lodges waren alle EINZIGARTIG und werden uns lange in Erinnerung bleiben. Noch besser war unser Guide, der uns 7 Tage begleitet hat , \u00fcber 20 Jahre Erfahrung, ein SUPER-PROFI , ein umfassendes Wissen zu Wildlife und Land, eine grosse Souver\u00e4nit\u00e4t im t\u00e4glichen Ablauf der Touren und immer zur richtigen Zeit am richtigen Ort f\u00fcr die beste Wildsichtung des Tages. DANK PHOENIX SAFARIS durften wir  unvergessliche Tage in Kenia erleben.  EINE 100% EMPFEHLUNG<\/span>\t\t\t\t<\/p>\r\n\t\t\t\t\t\t\t\t\t\t\t<\/div><span class=\"wprevpro_t1_A_8\"><img decoding=\"async\" src=\"https:\/\/lh3.googleusercontent.com\/a\/ACg8ocKttVZNrUvd4lZoVZ0Qdf4y6g5v75O4qHa-VERHAO4iPzRG4w=s64-c-rp-mo-ba4-br100\" alt=\"Edwin Teufel Avatar\" class=\"wprevpro_t1_IMG_4\" loading=\"lazy\" \/><\/span> <span class=\"wprevpro_t1_SPAN_5 wprev_preview_tcolor2_T1\">Edwin Teufel<br\/><span class=\"wprev_showdate_T1\">11. November 2025<\/span> <\/span>\r\n\t\t<\/div>\r\n\t\t\t<div class=\"wprevpro_t1_DIV_1 w3_wprs-col l4\">\r\n\t\t\t<div class=\"indrevdiv wprevpro_t1_DIV_2 wprev_preview_bg1_T1 wprev_preview_tcolor1_T1 wprev_preview_bradius_T1\">\r\n\t\t\t\t<p class=\"wprevpro_t1_P_3 wprev_preview_tcolor1_T1\">\r\n\t\t\t\t\t<span class=\"wprevpro_star_imgs_T1\"><span class=\"starloc1 wprevpro_star_imgs wprevpro_star_imgsloc1\"><span class=\"svgicons svg-wprsp-star\"><\/span><span class=\"svgicons svg-wprsp-star\"><\/span><span class=\"svgicons svg-wprsp-star\"><\/span><span class=\"svgicons svg-wprsp-star\"><\/span><span class=\"svgicons svg-wprsp-star\"><\/span><\/span><\/span>Ph\u00f6nix Safaris ist f\u00fcr einen Urlaub in Kenia maximal empfehlenswert. Angefangen von der tollen Beratung (von Frau Schulz) bis hin zur tollen Abwicklung vor Ort mit Safari und Strandurlaub (Guide\/Fahrer<span class='wprs_rd_more'>... read more<\/span><span class='wprs_rd_more_text' style='display:none;'> war Nelson!) hat einfach alles gepasst. Nochmals vielen Dank f\u00fcr den unvergesslichen Urlaub!!<\/span>\t\t\t\t<\/p>\r\n\t\t\t\t\t\t\t\t\t\t\t<\/div><span class=\"wprevpro_t1_A_8\"><img decoding=\"async\" src=\"https:\/\/lh3.googleusercontent.com\/a\/ACg8ocLAYQml0PATuf_FMX3DieEQilZXhpPshv-7jJFWAmVM6nfeJg=s64-c-rp-mo-br100\" alt=\"Markus Nu\u00dfbaumer Avatar\" class=\"wprevpro_t1_IMG_4\" loading=\"lazy\" \/><\/span> <span class=\"wprevpro_t1_SPAN_5 wprev_preview_tcolor2_T1\">Markus Nu\u00dfbaumer<br\/><span class=\"wprev_showdate_T1\">19. Oktober 2025<\/span> <\/span>\r\n\t\t<\/div>\r\n\t\t<\/div>\r\n<\/div>\r\n[\/vc_column_text][vc_custom_heading text=&#8220;Tripadvisor Bewertungen&#8220; font_container=&#8220;tag:h3|text_align:left&#8220; use_theme_fonts=&#8220;yes&#8220;][vc_btn title=&#8220;Tripadvisor Bewertung schreiben&#8220; color=&#8220;warning&#8220; link=&#8220;url:https%3A%2F%2Fwww.tripadvisor.com%2FUserReviewEdit-g294207-d33399383-Phoenix_Safaris_Kenya-Nairobi.html|title:Review%20Phoenix%20Safaris%20on%20tripadvisor|target:_blank&#8220;][vc_column_text]<div class=\"wprev-slider\" id=\"wprev-slider-1\"><ul><style>#wprev-slider-1 .wprev_preview_bradius_T1 {border-radius: 0px;}#wprev-slider-1 .wprev_preview_bg1_T1 {background:#f7f7f7;}#wprev-slider-1 .wprev_preview_bg2_T1 {background:;}#wprev-slider-1 .wprev_preview_tcolor1_T1 {color:#000000;}#wprev-slider-1 .wprev_preview_tcolor2_T1 {color:#0a0a0a;}#wprev-slider-1 .wprev_preview_bg1_T1::after{ border-top: 30px solid #f7f7f7; }<\/style><style><\/style><li>\t\t<div class=\"wptripadvisor_t1_outer_div w3_wprs-row-padding\">\r\n\t\t\t\t<div class=\"wptripadvisor_t1_DIV_1 w3_wprs-col l4\">\r\n\t\t\t<div class=\"wptripadvisor_t1_DIV_2 wprev_preview_bg1_T1 wprev_preview_bradius_T1\">\r\n\t\t\t\t<p class=\"wptripadvisor_t1_P_3 wprev_preview_tcolor1_T1\">\r\n\t\t\t\t\t<span class=\"wptripadvisor_star_imgs_T1\"><img decoding=\"async\" src=\"https:\/\/phoenix-safaris.com\/wp-content\/plugins\/wp-tripadvisor-review-slider\/public\/partials\/imgs\/tripadvisor_stars_5.png\" alt=\"star rating\" class=\"wptripadvisor_t1_star_img_file\">&nbsp;&nbsp;<\/span><span class=\"wprevrevtitle\">Much more than expected <\/span>&nbsp;-&nbsp;Thank you Phoenix Safari and personally thank you, John Koleesh, for these unforgetable 13 days - travelling with you as our guide.  We will never forget the sweetness of<a class='wprs_rd_more'>... read more<\/a><span class='wprs_rd_more_text' style='display:none;'> the \u201eAfrican Massage\u201c by passing these rough kenyan roads. <br \/>\r\nAs a group of 4 adults we went to Semburu, Amboseli, Massai Mara, Athi River, Tsavo Ost und West. John, you were a very attentive, reliable and caring companion. You drew our attention to opposites that we would not have noticed without you. We saw hippos, rhinos, lions, cheetahs, elephant and buffalo herds, wildebest, kudus, etc. and countless different bird species. It is impossible to name them all.<br \/>\r\nYou were willing to contribute personal experiences - especially with regard to the way of life of the Maasai. This was a great enrichment! Thanks for your commitment to all the concerns of the fellow travelers, we were well taken care of during the safari. I also don't want to miss the adventure of our flat tire! We laughed a lot together during our trip. Your humor, interest in different cultures and your tolerance and respectful manner and not to forget your prudent driving style have contributed a lot to the success of our trip.<br \/>\r\nJohn Koleesh, for us you get a \"perfect ten\" (on the scale of ten) in all dimensions as our guide. We would love to experience another trip with you and can highly recommend Phoenix Safari. Take care!<br \/>\r\n<br \/>\r\nAngelika und Matthias aus Heidelberg, Germany<\/span>\t\t\t\t<\/p>\r\n\t\t\t\t\t\t\t\t<a href=\"https:\/\/www.tripadvisor.com\/Attraction_Review-g294207-d33399383-Reviews-Phoenix_Safaris_Kenya-Nairobi.html\" target=\"_blank\" rel=\"nofollow\"><img decoding=\"async\" src=\"https:\/\/phoenix-safaris.com\/wp-content\/plugins\/wp-tripadvisor-review-slider\/public\/partials\/imgs\/tripadvisor_outline.png\" alt=\"tripadvisor logo\" class=\"wptripadvisor_t1_tripadvisor_logo\"><\/a>\t\t\t<\/div><span class=\"wptripadvisor_t1_A_8\"><img decoding=\"async\" src=\"https:\/\/media-cdn.tripadvisor.com\/media\/photo-l\/1a\/f6\/ee\/10\/default-avatar-2020-8.jpg\" alt=\"avatar thumb\" class=\"wptripadvisor_t1_IMG_4\" loading=\"lazy\"\/><\/span> <span class=\"wptripadvisor_t1_SPAN_5 wprev_preview_tcolor2_T1\">Matthias H<br\/><span class=\"wprev_showdate_T1\">15. September 2025<\/span> <\/span>\r\n\t\t<\/div>\r\n\t\t\t<div class=\"wptripadvisor_t1_DIV_1 w3_wprs-col l4\">\r\n\t\t\t<div class=\"wptripadvisor_t1_DIV_2 wprev_preview_bg1_T1 wprev_preview_bradius_T1\">\r\n\t\t\t\t<p class=\"wptripadvisor_t1_P_3 wprev_preview_tcolor1_T1\">\r\n\t\t\t\t\t<span class=\"wptripadvisor_star_imgs_T1\"><img decoding=\"async\" src=\"https:\/\/phoenix-safaris.com\/wp-content\/plugins\/wp-tripadvisor-review-slider\/public\/partials\/imgs\/tripadvisor_stars_5.png\" alt=\"star rating\" class=\"wptripadvisor_t1_star_img_file\">&nbsp;&nbsp;<\/span><span class=\"wprevrevtitle\">Unforgettable Safari Experience with Leonard from Phoenix Safaris<\/span>&nbsp;-&nbsp;Unforgettable Safari Experience with Leonard from Phoenix Safaris<br \/>\r\n<br \/>\r\nWe had the most incredible experience with Phoenix Safaris and our amazing guide, Leonard. Everything from start to finish was absolutely<a class='wprs_rd_more'>... read more<\/a><span class='wprs_rd_more_text' style='display:none;'> flawless.<br \/>\r\n<br \/>\r\nWhile many people in Nairobi insisted on cash payments upfront, we went to the Phoenix Safaris office at Village Market, and it was a completely different experience. The team was professional, welcoming, and efficient. We booked our safari on the spot, paid by card without any issue, and they even helped us arrange and print the online park entry tickets for Amboseli. Everything was smooth, organised, and done with care.<br \/>\r\n<br \/>\r\nThen came the highlight \u2014 our safari with Leonard. He wasn\u2019t just doing his job; he was doing what he truly loves, and it shows in everything he does. He was born for this. Going on safari with him was an experience we will never forget.<br \/>\r\n<br \/>\r\nHe took us everywhere \u2014 we saw a lion chasing a zebra, elephants heading to sleep at the foot of Mount Kilimanjaro, and later, the Kilimanjaro itself in all its glory. At his suggestion, we set off early at 6 a.m. to witness the elephants returning from their nightly rest to drink water \u2014 and what a sight it was! Herds and herds of elephants.<br \/>\r\n<br \/>\r\nWe saw gazelles, wildebeest, lions (again the next morning!), camels, zebras, buffaloes, and so much more. The landscapes were breathtaking. We even had breakfast at a beautiful designated spot overlooking a lake scene and the mountains, with the company of beautiful blue birds, absolutely stunning!!!<br \/>\r\n<br \/>\r\nThere wasn\u2019t a single thing we missed \u2014 we truly saw it all. And through it all, Leonard knew exactly where to go, showing us the best views and hidden spots. He knows Amboseli like the back of his hand.<br \/>\r\n<br \/>\r\nIf you\u2019re planning a safari, Leonard is the person you want by your side. It was simply unforgettable \u2014 a once-in-a-lifetime experience.<\/span>\t\t\t\t<\/p>\r\n\t\t\t\t\t\t\t\t<a href=\"https:\/\/www.tripadvisor.com\/Attraction_Review-g294207-d33399383-Reviews-Phoenix_Safaris_Kenya-Nairobi.html\" target=\"_blank\" rel=\"nofollow\"><img decoding=\"async\" src=\"https:\/\/phoenix-safaris.com\/wp-content\/plugins\/wp-tripadvisor-review-slider\/public\/partials\/imgs\/tripadvisor_outline.png\" alt=\"tripadvisor logo\" class=\"wptripadvisor_t1_tripadvisor_logo\"><\/a>\t\t\t<\/div><span class=\"wptripadvisor_t1_A_8\"><img decoding=\"async\" src=\"https:\/\/media-cdn.tripadvisor.com\/media\/photo-l\/17\/00\/81\/15\/avatar.jpg\" alt=\"avatar thumb\" class=\"wptripadvisor_t1_IMG_4\" loading=\"lazy\"\/><\/span> <span class=\"wptripadvisor_t1_SPAN_5 wprev_preview_tcolor2_T1\">Jdafranca<br\/><span class=\"wprev_showdate_T1\">8. Oktober 2025<\/span> <\/span>\r\n\t\t<\/div>\r\n\t\t\t<div class=\"wptripadvisor_t1_DIV_1 w3_wprs-col l4\">\r\n\t\t\t<div class=\"wptripadvisor_t1_DIV_2 wprev_preview_bg1_T1 wprev_preview_bradius_T1\">\r\n\t\t\t\t<p class=\"wptripadvisor_t1_P_3 wprev_preview_tcolor1_T1\">\r\n\t\t\t\t\t<span class=\"wptripadvisor_star_imgs_T1\"><img decoding=\"async\" src=\"https:\/\/phoenix-safaris.com\/wp-content\/plugins\/wp-tripadvisor-review-slider\/public\/partials\/imgs\/tripadvisor_stars_5.png\" alt=\"star rating\" class=\"wptripadvisor_t1_star_img_file\">&nbsp;&nbsp;<\/span><span class=\"wprevrevtitle\">Wonderful Experience <\/span>&nbsp;-&nbsp;Phoenix Safari curated a solo gorilla trekking trip.  It suggested and arranged a wonderful trip to Rwanda and Uganda with a private driver and 5 star hotels, including all<a class='wprs_rd_more'>... read more<\/a><span class='wprs_rd_more_text' style='display:none;'> permit fees (2 gorillas, 1 golden monkey trek).  Not only did everything turn out exactly as promised, my driver went above and beyond, allowing me to gain insights into the culture and the people.  I was safe and supported the entire time. I highly recommend  the company and will use them again for any travels to east Africa.<\/span>\t\t\t\t<\/p>\r\n\t\t\t\t\t\t\t\t<a href=\"https:\/\/www.tripadvisor.com\/Attraction_Review-g294207-d33399383-Reviews-Phoenix_Safaris_Kenya-Nairobi.html\" target=\"_blank\" rel=\"nofollow\"><img decoding=\"async\" src=\"https:\/\/phoenix-safaris.com\/wp-content\/plugins\/wp-tripadvisor-review-slider\/public\/partials\/imgs\/tripadvisor_outline.png\" alt=\"tripadvisor logo\" class=\"wptripadvisor_t1_tripadvisor_logo\"><\/a>\t\t\t<\/div><span class=\"wptripadvisor_t1_A_8\"><img decoding=\"async\" src=\"https:\/\/media-cdn.tripadvisor.com\/media\/photo-l\/1a\/f6\/e7\/3d\/default-avatar-2020-55.jpg\" alt=\"avatar thumb\" class=\"wptripadvisor_t1_IMG_4\" loading=\"lazy\"\/><\/span> <span class=\"wptripadvisor_t1_SPAN_5 wprev_preview_tcolor2_T1\">Delores C<br\/><span class=\"wprev_showdate_T1\">20. August 2025<\/span> <\/span>\r\n\t\t<\/div>\r\n\t\t<\/div>\r\n<!-- This file should primarily consist of HTML with a little bit of PHP. -->\r\n<\/li><\/ul><\/div>\r\n[\/vc_column_text][\/vc_column][\/vc_row]\n","protected":false},"excerpt":{"rendered":"<p>[vc_row][vc_column][vc_custom_heading text=&#8220;Kunden Bewertungen&#8220; font_container=&#8220;tag:h1|text_align:left&#8220; use_theme_fonts=&#8220;yes&#8220;][vc_column_text]Bei Phoenix Safaris sind uns die Erfahrungen unserer G\u00e4ste wichtig. Unten finden Sie einige Bewertungen \u2013 und wenn Sie mit uns gereist sind, freuen wir uns, wenn Sie \u00fcber die angegebenen Links auch Ihre eigene R\u00fcckmeldung teilen.[\/vc_column_text][vc_custom_heading text=&#8220;Google Bewertungen&#8220; font_container=&#8220;tag:h3|text_align:left&#8220; use_theme_fonts=&#8220;yes&#8220;][vc_btn title=&#8220;Google Bewertung schreiben&#8220; color=&#8220;warning&#8220; link=&#8220;url:https%3A%2F%2Fg.page%2Fr%2FCbvsFMVXhdjpEAg%2Freview||target:%20_blank|&#8220;][vc_column_text][\/vc_column_text][vc_custom_heading text=&#8220;Tripadvisor Bewertungen&#8220; font_container=&#8220;tag:h3|text_align:left&#8220; use_theme_fonts=&#8220;yes&#8220;][vc_btn title=&#8220;Tripadvisor [&hellip;]<\/p>\n","protected":false},"author":1,"featured_media":1472,"parent":0,"menu_order":0,"comment_status":"closed","ping_status":"closed","template":"page-blank.php","meta":{"pgc_sgb_lightbox_settings":"","footnotes":""},"class_list":["post-1772","page","type-page","status-publish","has-post-thumbnail","hentry"],"publishpress_future_action":{"enabled":false,"date":"2026-04-10 22:00:35","action":"change-status","newStatus":"draft","terms":[],"taxonomy":"translation_priority","extraData":[]},"publishpress_future_workflow_manual_trigger":{"enabledWorkflows":[]},"_links":{"self":[{"href":"https:\/\/phoenix-safaris.com\/de\/wp-json\/wp\/v2\/pages\/1772","targetHints":{"allow":["GET"]}}],"collection":[{"href":"https:\/\/phoenix-safaris.com\/de\/wp-json\/wp\/v2\/pages"}],"about":[{"href":"https:\/\/phoenix-safaris.com\/de\/wp-json\/wp\/v2\/types\/page"}],"author":[{"embeddable":true,"href":"https:\/\/phoenix-safaris.com\/de\/wp-json\/wp\/v2\/users\/1"}],"replies":[{"embeddable":true,"href":"https:\/\/phoenix-safaris.com\/de\/wp-json\/wp\/v2\/comments?post=1772"}],"version-history":[{"count":2,"href":"https:\/\/phoenix-safaris.com\/de\/wp-json\/wp\/v2\/pages\/1772\/revisions"}],"predecessor-version":[{"id":5812,"href":"https:\/\/phoenix-safaris.com\/de\/wp-json\/wp\/v2\/pages\/1772\/revisions\/5812"}],"wp:featuredmedia":[{"embeddable":true,"href":"https:\/\/phoenix-safaris.com\/de\/wp-json\/wp\/v2\/media\/1472"}],"wp:attachment":[{"href":"https:\/\/phoenix-safaris.com\/de\/wp-json\/wp\/v2\/media?parent=1772"}],"curies":[{"name":"wp","href":"https:\/\/api.w.org\/{rel}","templated":true}]}}